{"id":5582,"date":"2018-05-03T18:53:45","date_gmt":"2018-05-03T18:53:45","guid":{"rendered":"http:\/\/symeprestige.ca\/?page_id=5582"},"modified":"2018-05-16T16:14:07","modified_gmt":"2018-05-16T16:14:07","slug":"general-renovations","status":"publish","type":"page","link":"https:\/\/symeprestige.ca\/en\/general-renovations\/","title":{"rendered":"General renovations"},"content":{"rendered":"<div class=\"wpb-content-wrapper\">[mk_page_section bg_image=&#8221;http:\/\/symeprestige.ca\/wp-content\/uploads\/2018\/04\/finitionsoussol-cinemamaison-opt.jpg&#8221; bg_position=&#8221;center center&#8221; bg_repeat=&#8221;no-repeat&#8221; bg_stretch=&#8221;true&#8221; enable_3d=&#8221;true&#8221; video_color_mask=&#8221;#000000&#8243; video_opacity=&#8221;0.4&#8243; full_height=&#8221;true&#8221; top_shape_color=&#8221;#ffffff&#8221; bottom_shape_color=&#8221;#ffffff&#8221; first_page=&#8221;false&#8221; last_page=&#8221;false&#8221; sidebar=&#8221;sidebar-1&#8243;][vc_column][mk_fancy_title color=&#8221;#ffffff&#8221; size=&#8221;40&#8243; force_font_size=&#8221;true&#8221; size_smallscreen=&#8221;38&#8243; size_tablet=&#8221;30&#8243; size_phone=&#8221;24&#8243; txt_transform=&#8221;none&#8221; margin_bottom=&#8221;0&#8243; font_family=&#8221;Damion&#8221; font_type=&#8221;google&#8221; align=&#8221;center&#8221;]Enhance your home with professional construction work[\/mk_fancy_title][mk_fancy_title color=&#8221;#d59031&#8243; size=&#8221;64&#8243; force_font_size=&#8221;true&#8221; size_smallscreen=&#8221;58&#8243; size_tablet=&#8221;48&#8243; size_phone=&#8221;30&#8243; font_weight=&#8221;bold&#8221; txt_transform=&#8221;uppercase&#8221; margin_bottom=&#8221;0&#8243; font_family=&#8221;Montserrat&#8221; font_type=&#8221;google&#8221; align=&#8221;center&#8221; animation=&#8221;flip-x&#8221;]Bring your renovation projects to life[\/mk_fancy_title][mk_fancy_title color=&#8221;#ffffff&#8221; txt_transform=&#8221;uppercase&#8221; letter_spacing=&#8221;3&#8243; font_family=&#8221;none&#8221; align=&#8221;center&#8221;]<a style=\"color: #fff;\" href=\"\/en\/contact-us\/\">Allow us to guide you<\/a>[\/mk_fancy_title][\/vc_column][\/mk_page_section][mk_page_section layout_structure=&#8221;half_left&#8221; bg_image=&#8221;http:\/\/symeprestige.ca\/wp-content\/uploads\/2018\/04\/installation-mur-douche-ceramique-opt.jpg&#8221; bg_color=&#8221;#222222&#8243; bg_stretch=&#8221;true&#8221; min_height=&#8221;715&#8243; js_vertical_centered=&#8221;true&#8221;][vc_column][mk_padding_divider size=&#8221;130&#8243;][mk_fancy_title color=&#8221;#ffffff&#8221; size=&#8221;36&#8243; force_font_size=&#8221;true&#8221; size_smallscreen=&#8221;32&#8243; size_tablet=&#8221;28&#8243; size_phone=&#8221;24&#8243; txt_transform=&#8221;uppercase&#8221; letter_spacing=&#8221;5&#8243; margin_top=&#8221;20&#8243; font_family=&#8221;Montserrat&#8221; font_type=&#8221;google&#8221; align=&#8221;center&#8221; animation=&#8221;top-to-bottom&#8221;]General renovations[\/mk_fancy_title][mk_fancy_title color=&#8221;#ffffff&#8221; size=&#8221;26&#8243; force_font_size=&#8221;true&#8221; size_phone=&#8221;22&#8243; txt_transform=&#8221;none&#8221; font_family=&#8221;Damion&#8221; font_type=&#8221;google&#8221; align=&#8221;center&#8221;]Let an experienced contractor oversee your projects[\/mk_fancy_title][vc_column_text disable_pattern=&#8221;false&#8221; align=&#8221;center&#8221; css=&#8221;.vc_custom_1525974167584{margin-bottom: 0px !important;}&#8221;]At first glance, renovations can seem simple, but let\u2019s not forget the many standards that regulate this activity. This is why it\u2019s important to work with a certified contractor that\u2019s registered with the R\u00e9gie du B\u00e2timent du Qu\u00e9bec. Servicing the Vaudreuil-Soulanges and West Island, we also work in Laval and both the North and South shores. Construction Syme Prestige is a professional, general renovation contractor that helps you complete those projects that are important to you. With peace of mind, guaranteed.<\/p>\n<p>When you entrust a general renovation project to Construction Syme Prestige, rest assured that every detail and every step will be meticulously evaluated, mapped out, planned and executed, per your budget and expectations. Needs, style, budget, investment, deadline, desires: everything is carefully revised.[\/vc_column_text][mk_padding_divider size=&#8221;130&#8243;][\/vc_column][\/mk_page_section][vc_row fullwidth=&#8221;true&#8221; fullwidth_content=&#8221;false&#8221; css=&#8221;.vc_custom_1524660850551{background-color: #000000 !important;}&#8221;][vc_column width=&#8221;1\/2&#8243;][mk_padding_divider size=&#8221;150&#8243;][mk_fancy_title color=&#8221;#ffffff&#8221; size=&#8221;24&#8243; force_font_size=&#8221;true&#8221; size_phone=&#8221;22&#8243; font_family=&#8221;none&#8221; align=&#8221;center&#8221;]\n<p>Renovation and interior finishes<\/p>\n[\/mk_fancy_title][vc_column_text css=&#8221;.vc_custom_1525974343272{margin-bottom: 0px !important;}&#8221;]Perhaps your basement has space for that extra bathroom you&#8217;d need, or maybe the kids need a playroom or the grown-ups want a sports or entertainment room. A well renovated space becomes an attractive enhancement for your home, and makes everyone happy. Sylvain Paradis\u2019 team has all the tools and know-how to set-up exactly what you need and want. From demolishing to restructuring and dividing new space, thru flooring and finishing, all details are handled with experience, skill and respect for the strictest industry guidelines. Results are impeccable, every time. Need a more functional kitchen where it\u2019s fun to spend time, hang out, cook and chat? Want to finally finish that basement? Wait no more. It\u2019s possible, it\u2019s affordable and it will look and feel great.[\/vc_column_text][mk_padding_divider size=&#8221;60&#8243;][mk_padding_divider size=&#8221;90&#8243; visibility=&#8221;hidden-sm&#8221;][\/vc_column][vc_column width=&#8221;1\/2&#8243;][mk_padding_divider size=&#8221;20&#8243; visibility=&#8221;hidden-sm&#8221;][mk_padding_divider size=&#8221;150&#8243;][mk_custom_list]\n<ul>\n<li><span style=\"color: #ffffff;\">Demolishing<\/span><\/li>\n<li><span style=\"color: #ffffff;\">Space redivision<\/span><\/li>\n<li><span style=\"color: #ffffff;\">Bathroom renovations<\/span><\/li>\n<li><span style=\"color: #ffffff;\">Kitchen renovations<\/span><\/li>\n<li><span style=\"color: #ffffff;\">Counter installation<\/span><\/li>\n<li><span style=\"color: #ffffff;\">Renovating or finishing your basement <\/span><\/li>\n<li><span style=\"color: #ffffff;\">Building stairs and ramps<\/span><\/li>\n<li><span style=\"color: #ffffff;\">Flooring (hardwood, floor boards, tiles, ceramic)<\/span><\/li>\n<li><span style=\"color: #ffffff;\">Plumbing<\/span><\/li>\n<li><span style=\"color: #ffffff;\">Electricity<\/span><\/li>\n<li><span style=\"color: #ffffff;\">Paint<\/span><\/li>\n<li><span style=\"color: #ffffff;\">Plaster <\/span><\/li>\n<\/ul>\n[\/mk_custom_list][mk_padding_divider][mk_padding_divider size=&#8221;110&#8243; visibility=&#8221;hidden-sm&#8221;][\/vc_column][\/vc_row][mk_page_section bg_image=&#8221;http:\/\/symeprestige.ca\/wp-content\/uploads\/2018\/04\/construction-patio-bois-traite-opt.jpg&#8221; bg_position=&#8221;center top&#8221; bg_repeat=&#8221;no-repeat&#8221; bg_stretch=&#8221;true&#8221; enable_3d=&#8221;true&#8221; video_color_mask=&#8221;#000000&#8243; min_height=&#8221;850&#8243; js_vertical_centered=&#8221;true&#8221; padding_top=&#8221;70&#8243; padding_bottom=&#8221;70&#8243; section_id=&#8221;exterior&#8221; sidebar=&#8221;sidebar-1&#8243;][vc_column][mk_fancy_title color=&#8221;#ffffff&#8221; size=&#8221;24&#8243; force_font_size=&#8221;true&#8221; size_smallscreen=&#8221;22&#8243; size_tablet=&#8221;20&#8243; size_phone=&#8221;18&#8243; txt_transform=&#8221;uppercase&#8221; letter_spacing=&#8221;5&#8243; margin_top=&#8221;20&#8243; font_family=&#8221;none&#8221; align=&#8221;center&#8221; animation=&#8221;top-to-bottom&#8221;]A wide range of services[\/mk_fancy_title][mk_fancy_title color=&#8221;#d59031&#8243; size=&#8221;58&#8243; force_font_size=&#8221;true&#8221; size_smallscreen=&#8221;48&#8243; size_tablet=&#8221;38&#8243; size_phone=&#8221;30&#8243; font_weight=&#8221;bold&#8221; txt_transform=&#8221;uppercase&#8221; margin_bottom=&#8221;0&#8243; font_family=&#8221;none&#8221; align=&#8221;center&#8221;]\n<p>Renovations and exterior finishes<\/p>\n[\/mk_fancy_title][vc_column_text disable_pattern=&#8221;false&#8221; align=&#8221;center&#8221; margin_bottom=&#8221;40&#8243; css=&#8221;.vc_custom_1525974365672{margin-bottom: 40px !important;}&#8221;]<span style=\"color: #ffffff;\">Sometimes, revamping your home is as simple as changing the look and feel of its exterior. While sprucing the exterior of your home, it\u2019s good to check insulation, making it more energy efficient. Construction Syme Prestige can do this, turnkey. Sylvain Paradis, owner and meticulous inspector, makes sure everything is well coordinated and that end results are exactly what you hoped for. Want to make a change, but don\u2019t know where to start? Put Sylvain\u2019s knowledge to good work. He can advise on product differentiation, innovative solutions and the right combinations, so your project is both aesthetic and durable.<br \/>\n<\/span>[\/vc_column_text][\/vc_column][\/mk_page_section][mk_page_section bg_color=&#8221;#222222&#8243; padding_top=&#8221;130&#8243; padding_bottom=&#8221;130&#8243; sidebar=&#8221;sidebar-1&#8243;][vc_column][vc_column_text align=&#8221;center&#8221; css=&#8221;.vc_custom_1525974479111{margin-bottom: 0px !important;}&#8221;]\n<h3 style=\"color: #e1e1e1;\">We build stairs, ramps and balconies<\/h3>\n<p><span style=\"color: #fff;\">Need some specialized help with building stairs, ramps or balconies? Construction Syme Prestige offers a wide range of materials that can meet your needs. <\/span><\/p>\n<h3 style=\"color: #e1e1e1;\">Exterior siding<\/h3>\n<p><span style=\"color: #fff;\">Transform the exterior of your home by installing vinyl, fiber-cement or tainted wood (Canexel, Goodfellow and others). These siding options combine durability, aesthetics and performance, while also improving insulation and being simple to clean. Add natural, organic beauty to your home by enhancing with masonry: stone walls, brick, lintel or light replacements, chimney, and more. For fast, worry-free installation, turn to Construction Syme Prestige.<br \/>\n<\/span><\/p>\n<h3 style=\"color: #e1e1e1;\">Window and door installations<\/h3>\n<p><span style=\"color: #fff;\">Windows and doors add character and distinction to a home. These architectural elements are not only aesthetic, but essential for a functional home. Regardless of model or style, Construction Syme Prestige can install your new windows or doors, while guaranteeing you won\u2019t have water or air infiltration. Proper installment makes a very big difference and we know how to do it right!<br \/>\n<\/span>[\/vc_column_text][\/vc_column][\/mk_page_section][mk_page_section full_width=&#8221;true&#8221; padding_top=&#8221;0&#8243; padding_bottom=&#8221;0&#8243; sidebar=&#8221;sidebar-1&#8243;][vc_column][mk_gallery images=&#8221;5459,5458,5460,5454,5546&#8243; style=&#8221;style1&#8243; height=&#8221;1200&#8243; item_spacing=&#8221;0&#8243; margin_bottom=&#8221;0&#8243; order=&#8221;DESC&#8221; orderby=&#8221;post__in&#8221;][\/vc_column][\/mk_page_section][vc_row fullwidth=&#8221;true&#8221; fullwidth_content=&#8221;false&#8221; css=&#8221;.vc_custom_1451997640175{background-color: #222222 !important;}&#8221;][vc_column width=&#8221;1\/2&#8243;][mk_padding_divider size=&#8221;150&#8243;][mk_custom_list]\n<h3 style=\"color: #fff;\"><span style=\"color: #ffffff;\">Services<\/span><\/h3>\n<ul>\n<li><span style=\"color: #fff;\">Kitchen renovations<\/span><\/li>\n<li><span style=\"color: #fff;\">Bathroom renovations<\/span><\/li>\n<li><span style=\"color: #fff;\">Basement renovations or finishing<\/span><\/li>\n<li><span style=\"color: #fff;\">Building stairs<\/span><\/li>\n<li><span style=\"color: #fff;\">Balconies and ramps<\/span><\/li>\n<li><span style=\"color: #fff;\">Demolishing<\/span><\/li>\n<li><span style=\"color: #fff;\">Insulation<\/span><\/li>\n<li><span style=\"color: #fff;\">Flooring (tiles, ceramic, floor boards and hardwood)<\/span><\/li>\n<li><span style=\"color: #fff;\">Door and window installation<\/span><\/li>\n<li><span style=\"color: #fff;\">Exterior siding <\/span><\/li>\n<li><span style=\"color: #fff;\">Plumbing<\/span><\/li>\n<li><span style=\"color: #fff;\">Electricity<\/span><\/li>\n<li><span style=\"color: #fff;\">Counter installation<\/span><\/li>\n<li><span style=\"color: #fff;\">Painting<\/span><\/li>\n<li><span style=\"color: #fff;\">Plaster (repair and joints)<\/span><\/li>\n<li><span style=\"color: #fff;\">Asbestos removal<\/span><\/li>\n<\/ul>\n[\/mk_custom_list][mk_padding_divider][mk_padding_divider size=&#8221;110&#8243; visibility=&#8221;hidden-sm&#8221;][\/vc_column][vc_column width=&#8221;1\/2&#8243;][mk_padding_divider size=&#8221;150&#8243;][vc_single_image image=&#8221;5559&#8243; img_size=&#8221;full&#8221; alignment=&#8221;center&#8221;][mk_fancy_title color=&#8221;#ffffff&#8221; size=&#8221;24&#8243; force_font_size=&#8221;true&#8221; size_phone=&#8221;22&#8243; font_family=&#8221;none&#8221; align=&#8221;center&#8221;]All projects, big or small, are delivered with the same attention to detail and care.[\/mk_fancy_title][mk_button dimension=&#8221;flat&#8221; size=&#8221;large&#8221; url=&#8221;\/en\/contact-us\/&#8221; align=&#8221;center&#8221; btn_hover_bg=&#8221;#000000&#8243; text_color=&#8221;dark&#8221;] Tell us about your project[\/mk_button][mk_padding_divider size=&#8221;60&#8243;][mk_padding_divider size=&#8221;90&#8243; visibility=&#8221;hidden-sm&#8221;][\/vc_column][\/vc_row]\n<\/div>","protected":false},"excerpt":{"rendered":"<p>[mk_page_section bg_image=&#8221;http:\/\/symeprestige.ca\/wp-content\/uploads\/2018\/04\/finitionsoussol-cinemamaison-opt.jpg&#8221; bg_position=&#8221;center center&#8221; bg_repeat=&#8221;no-repeat&#8221; bg_stretch=&#8221;true&#8221; enable_3d=&#8221;true&#8221; video_color_mask=&#8221;#000000&#8243; video_opacity=&#8221;0.4&#8243; full_height=&#8221;true&#8221; top_shape_color=&#8221;#ffffff&#8221; bottom_shape_color=&#8221;#ffffff&#8221; first_page=&#8221;false&#8221; last_page=&#8221;false&#8221; sidebar=&#8221;sidebar-1&#8243;][vc_column][mk_fancy_title color=&#8221;#ffffff&#8221; size=&#8221;40&#8243; force_font_size=&#8221;true&#8221; size_smallscreen=&#8221;38&#8243; size_tablet=&#8221;30&#8243; size_phone=&#8221;24&#8243; txt_transform=&#8221;none&#8221; margin_bottom=&#8221;0&#8243; font_family=&#8221;Damion&#8221; font_type=&#8221;google&#8221; align=&#8221;center&#8221;]Enhance your home with professional construction work[\/mk_fancy_title][mk_fancy_title color=&#8221;#d59031&#8243; size=&#8221;64&#8243; force_font_size=&#8221;true&#8221; size_smallscreen=&#8221;58&#8243; size_tablet=&#8221;48&#8243; size_phone=&#8221;30&#8243; font_weight=&#8221;bold&#8221; txt_transform=&#8221;uppercase&#8221; margin_bottom=&#8221;0&#8243; font_family=&#8221;Montserrat&#8221; font_type=&#8221;google&#8221; align=&#8221;center&#8221; animation=&#8221;flip-x&#8221;]Bring your renovation projects to life[\/mk_fancy_title][mk_fancy_title color=&#8221;#ffffff&#8221; txt_transform=&#8221;uppercase&#8221; letter_spacing=&#8221;3&#8243; font_family=&#8221;none&#8221; align=&#8221;center&#8221;]Allow [&hellip;]<\/p>\n","protected":false},"author":22,"featured_media":0,"parent":0,"menu_order":0,"comment_status":"closed","ping_status":"closed","template":"","meta":{"aar_service_area_served":"","aar_service_pricing_note":"","aar_service_benefits":[],"aar_service_type":"","aar_service_faq":[],"aar_page_faq":[],"aar_product_sku":"","aar_product_brand":"","aar_product_price":"","aar_product_currency":"","aar_product_availability":"","aar_product_gtin":"","aar_product_url_canonical":"","aar_product_gallery_ids":[],"aar_product_faq":[],"footnotes":""},"class_list":["post-5582","page","type-page","status-publish","hentry"],"yoast_head":"<!-- This site is optimized with the Yoast SEO plugin v27.4 - https:\/\/yoast.com\/product\/yoast-seo-wordpress\/ -->\n<title>General Renovations | Construction Syme Prestige inc.<\/title>\n<meta name=\"description\" content=\"Construction Syme Prestige is a pro, general renovation contractor that helps you complete those projects that are important to you. Peace of mind, guaranteed.\" \/>\n<meta name=\"robots\" content=\"index, follow, max-snippet:-1, max-image-preview:large, max-video-preview:-1\" \/>\n<link rel=\"canonical\" href=\"https:\/\/symeprestige.ca\/en\/general-renovations\/\" \/>\n<meta property=\"og:locale\" content=\"en_US\" \/>\n<meta property=\"og:type\" content=\"article\" \/>\n<meta property=\"og:title\" content=\"General Renovations | Construction Syme Prestige inc.\" \/>\n<meta property=\"og:description\" content=\"Construction Syme Prestige is a pro, general renovation contractor that helps you complete those projects that are important to you. Peace of mind, guaranteed.\" \/>\n<meta property=\"og:url\" content=\"https:\/\/symeprestige.ca\/en\/general-renovations\/\" \/>\n<meta property=\"og:site_name\" content=\"Construction SYME Prestige\" \/>\n<meta property=\"article:modified_time\" content=\"2018-05-16T16:14:07+00:00\" \/>\n<meta name=\"twitter:card\" content=\"summary_large_image\" \/>\n<meta name=\"twitter:label1\" content=\"Est. reading time\" \/>\n\t<meta name=\"twitter:data1\" content=\"7 minutes\" \/>\n<script type=\"application\/ld+json\" class=\"yoast-schema-graph\">{\"@context\":\"https:\\\/\\\/schema.org\",\"@graph\":[{\"@type\":\"WebPage\",\"@id\":\"https:\\\/\\\/symeprestige.ca\\\/en\\\/general-renovations\\\/\",\"url\":\"https:\\\/\\\/symeprestige.ca\\\/en\\\/general-renovations\\\/\",\"name\":\"General Renovations | Construction Syme Prestige inc.\",\"isPartOf\":{\"@id\":\"https:\\\/\\\/symeprestige.ca\\\/#website\"},\"datePublished\":\"2018-05-03T18:53:45+00:00\",\"dateModified\":\"2018-05-16T16:14:07+00:00\",\"description\":\"Construction Syme Prestige is a pro, general renovation contractor that helps you complete those projects that are important to you. Peace of mind, guaranteed.\",\"breadcrumb\":{\"@id\":\"https:\\\/\\\/symeprestige.ca\\\/en\\\/general-renovations\\\/#breadcrumb\"},\"inLanguage\":\"en-US\",\"potentialAction\":[{\"@type\":\"ReadAction\",\"target\":[\"https:\\\/\\\/symeprestige.ca\\\/en\\\/general-renovations\\\/\"]}]},{\"@type\":\"BreadcrumbList\",\"@id\":\"https:\\\/\\\/symeprestige.ca\\\/en\\\/general-renovations\\\/#breadcrumb\",\"itemListElement\":[{\"@type\":\"ListItem\",\"position\":1,\"name\":\"Accueil\",\"item\":\"https:\\\/\\\/symeprestige.ca\\\/en\\\/\"},{\"@type\":\"ListItem\",\"position\":2,\"name\":\"General renovations\"}]},{\"@type\":\"WebSite\",\"@id\":\"https:\\\/\\\/symeprestige.ca\\\/#website\",\"url\":\"https:\\\/\\\/symeprestige.ca\\\/\",\"name\":\"Construction SYME Prestige\",\"description\":\"\",\"potentialAction\":[{\"@type\":\"SearchAction\",\"target\":{\"@type\":\"EntryPoint\",\"urlTemplate\":\"https:\\\/\\\/symeprestige.ca\\\/?s={search_term_string}\"},\"query-input\":{\"@type\":\"PropertyValueSpecification\",\"valueRequired\":true,\"valueName\":\"search_term_string\"}}],\"inLanguage\":\"en-US\"}]}<\/script>\n<!-- \/ Yoast SEO plugin. -->","yoast_head_json":{"title":"General Renovations | Construction Syme Prestige inc.","description":"Construction Syme Prestige is a pro, general renovation contractor that helps you complete those projects that are important to you. Peace of mind, guaranteed.","robots":{"index":"index","follow":"follow","max-snippet":"max-snippet:-1","max-image-preview":"max-image-preview:large","max-video-preview":"max-video-preview:-1"},"canonical":"https:\/\/symeprestige.ca\/en\/general-renovations\/","og_locale":"en_US","og_type":"article","og_title":"General Renovations | Construction Syme Prestige inc.","og_description":"Construction Syme Prestige is a pro, general renovation contractor that helps you complete those projects that are important to you. Peace of mind, guaranteed.","og_url":"https:\/\/symeprestige.ca\/en\/general-renovations\/","og_site_name":"Construction SYME Prestige","article_modified_time":"2018-05-16T16:14:07+00:00","twitter_card":"summary_large_image","twitter_misc":{"Est. reading time":"7 minutes"},"schema":{"@context":"https:\/\/schema.org","@graph":[{"@type":"WebPage","@id":"https:\/\/symeprestige.ca\/en\/general-renovations\/","url":"https:\/\/symeprestige.ca\/en\/general-renovations\/","name":"General Renovations | Construction Syme Prestige inc.","isPartOf":{"@id":"https:\/\/symeprestige.ca\/#website"},"datePublished":"2018-05-03T18:53:45+00:00","dateModified":"2018-05-16T16:14:07+00:00","description":"Construction Syme Prestige is a pro, general renovation contractor that helps you complete those projects that are important to you. Peace of mind, guaranteed.","breadcrumb":{"@id":"https:\/\/symeprestige.ca\/en\/general-renovations\/#breadcrumb"},"inLanguage":"en-US","potentialAction":[{"@type":"ReadAction","target":["https:\/\/symeprestige.ca\/en\/general-renovations\/"]}]},{"@type":"BreadcrumbList","@id":"https:\/\/symeprestige.ca\/en\/general-renovations\/#breadcrumb","itemListElement":[{"@type":"ListItem","position":1,"name":"Accueil","item":"https:\/\/symeprestige.ca\/en\/"},{"@type":"ListItem","position":2,"name":"General renovations"}]},{"@type":"WebSite","@id":"https:\/\/symeprestige.ca\/#website","url":"https:\/\/symeprestige.ca\/","name":"Construction SYME Prestige","description":"","potentialAction":[{"@type":"SearchAction","target":{"@type":"EntryPoint","urlTemplate":"https:\/\/symeprestige.ca\/?s={search_term_string}"},"query-input":{"@type":"PropertyValueSpecification","valueRequired":true,"valueName":"search_term_string"}}],"inLanguage":"en-US"}]}},"_links":{"self":[{"href":"https:\/\/symeprestige.ca\/en\/wp-json\/wp\/v2\/pages\/5582","targetHints":{"allow":["GET"]}}],"collection":[{"href":"https:\/\/symeprestige.ca\/en\/wp-json\/wp\/v2\/pages"}],"about":[{"href":"https:\/\/symeprestige.ca\/en\/wp-json\/wp\/v2\/types\/page"}],"author":[{"embeddable":true,"href":"https:\/\/symeprestige.ca\/en\/wp-json\/wp\/v2\/users\/22"}],"replies":[{"embeddable":true,"href":"https:\/\/symeprestige.ca\/en\/wp-json\/wp\/v2\/comments?post=5582"}],"version-history":[{"count":5,"href":"https:\/\/symeprestige.ca\/en\/wp-json\/wp\/v2\/pages\/5582\/revisions"}],"predecessor-version":[{"id":5610,"href":"https:\/\/symeprestige.ca\/en\/wp-json\/wp\/v2\/pages\/5582\/revisions\/5610"}],"wp:attachment":[{"href":"https:\/\/symeprestige.ca\/en\/wp-json\/wp\/v2\/media?parent=5582"}],"curies":[{"name":"wp","href":"https:\/\/api.w.org\/{rel}","templated":true}]}}