{"id":5569,"date":"2018-05-03T17:34:40","date_gmt":"2018-05-03T17:34:40","guid":{"rendered":"http:\/\/symeprestige.ca\/?page_id=5569"},"modified":"2018-05-16T16:15:34","modified_gmt":"2018-05-16T16:15:34","slug":"home","status":"publish","type":"page","link":"https:\/\/symeprestige.ca\/en\/","title":{"rendered":"Home"},"content":{"rendered":"<div class=\"wpb-content-wrapper\">[mk_page_section bg_image=&#8221;http:\/\/symeprestige.ca\/wp-content\/uploads\/2018\/04\/cuisine-ilot-comptoir-marbre-opt.jpg&#8221; bg_position=&#8221;center center&#8221; bg_repeat=&#8221;no-repeat&#8221; bg_stretch=&#8221;true&#8221; enable_3d=&#8221;true&#8221; video_color_mask=&#8221;#000000&#8243; video_opacity=&#8221;0.5&#8243; full_height=&#8221;true&#8221; top_shape_color=&#8221;#ffffff&#8221; bottom_shape_color=&#8221;#ffffff&#8221; first_page=&#8221;false&#8221; last_page=&#8221;false&#8221; sidebar=&#8221;sidebar-1&#8243;][vc_column][mk_fancy_title color=&#8221;#ffffff&#8221; size=&#8221;40&#8243; force_font_size=&#8221;true&#8221; size_smallscreen=&#8221;38&#8243; size_tablet=&#8221;30&#8243; size_phone=&#8221;24&#8243; txt_transform=&#8221;none&#8221; margin_bottom=&#8221;0&#8243; font_family=&#8221;Damion&#8221; font_type=&#8221;google&#8221; align=&#8221;center&#8221;]A contractor you can trust for all types of[\/mk_fancy_title][mk_fancy_title color=&#8221;#d59031&#8243; size=&#8221;103&#8243; force_font_size=&#8221;true&#8221; size_smallscreen=&#8221;80&#8243; size_tablet=&#8221;50&#8243; size_phone=&#8221;30&#8243; font_weight=&#8221;bold&#8221; txt_transform=&#8221;uppercase&#8221; margin_bottom=&#8221;0&#8243; font_family=&#8221;Montserrat&#8221; font_type=&#8221;google&#8221; align=&#8221;center&#8221; animation=&#8221;flip-x&#8221;]RENOVATIONS[\/mk_fancy_title][mk_fancy_title color=&#8221;#ffffff&#8221; txt_transform=&#8221;uppercase&#8221; letter_spacing=&#8221;3&#8243; font_family=&#8221;none&#8221; align=&#8221;center&#8221;]<a style=\"color: #fff;\" href=\"\/en\/bathroom-renovation\/\">Bathrooms<\/a> \/ <a style=\"color: #fff;\" href=\"\/en\/kitchen-renovation\/\">Kitchens<\/a> \/ <a style=\"color: #fff;\" href=\"\/en\/general-renovations\/\">General renovations<\/a>[\/mk_fancy_title][\/vc_column][\/mk_page_section][mk_page_section min_height=&#8221;425&#8243; js_vertical_centered=&#8221;true&#8221; padding_top=&#8221;30&#8243; padding_bottom=&#8221;30&#8243; sidebar=&#8221;sidebar-1&#8243;][vc_column][mk_fancy_title color=&#8221;#ffffff&#8221; size=&#8221;36&#8243; force_font_size=&#8221;true&#8221; size_smallscreen=&#8221;32&#8243; size_tablet=&#8221;28&#8243; size_phone=&#8221;24&#8243; txt_transform=&#8221;uppercase&#8221; letter_spacing=&#8221;5&#8243; margin_top=&#8221;20&#8243; font_family=&#8221;Montserrat&#8221; font_type=&#8221;google&#8221; align=&#8221;center&#8221; animation=&#8221;top-to-bottom&#8221;]WE\u2019LL SKILLFULLY HANDLE ALL YOUR RENOVATION PROJECTS[\/mk_fancy_title][mk_fancy_title color=&#8221;#ffffff&#8221; size=&#8221;26&#8243; force_font_size=&#8221;true&#8221; size_phone=&#8221;22&#8243; txt_transform=&#8221;none&#8221; font_family=&#8221;Damion&#8221; font_type=&#8221;google&#8221; align=&#8221;center&#8221;]We serve Laval, Vaudreuil-Soulanges, the North and South Shores, plus all of Montreal. [\/mk_fancy_title][\/vc_column][\/mk_page_section][vc_row fullwidth=&#8221;true&#8221; attached=&#8221;true&#8221;][vc_column width=&#8221;1\/4&#8243;][mk_custom_box margin_bottom=&#8221;0&#8243; min_height=&#8221;480&#8243; bg_image=&#8221;http:\/\/symeprestige.ca\/wp-content\/uploads\/2018\/04\/salle-de-bain-douche-verre-opt.jpg&#8221; background_hov_color_style=&#8221;image&#8221; overlay_color=&#8221;rgba(0,0,0,0.4)&#8221; bg_image_hov_effect=&#8221;zoom-in&#8221; bg_stretch=&#8221;true&#8221;][mk_padding_divider size=&#8221;70&#8243;][mk_fancy_title color=&#8221;#ffffff&#8221; size=&#8221;24&#8243; force_font_size=&#8221;true&#8221; size_phone=&#8221;20&#8243; txt_transform=&#8221;uppercase&#8221; letter_spacing=&#8221;2&#8243; margin_bottom=&#8221;0&#8243; font_family=&#8221;none&#8221; align=&#8221;center&#8221;]Bathroom renovations[\/mk_fancy_title][mk_padding_divider size=&#8221;160&#8243;][mk_button dimension=&#8221;outline&#8221; url=&#8221;\/en\/bathroom-renovation\/&#8221; align=&#8221;center&#8221; margin_right=&#8221;0&#8243; outline_skin=&#8221;custom&#8221; outline_active_color=&#8221;#ffffff&#8221; outline_active_text_color=&#8221;#ffffff&#8221; outline_hover_color=&#8221;#000000&#8243;]Learn more[\/mk_button][\/mk_custom_box][\/vc_column][vc_column width=&#8221;1\/4&#8243;][mk_custom_box margin_bottom=&#8221;0&#8243; min_height=&#8221;480&#8243; bg_image=&#8221;http:\/\/symeprestige.ca\/wp-content\/uploads\/2018\/04\/renovation-cuisine-opt.jpg&#8221; background_hov_color_style=&#8221;image&#8221; overlay_color=&#8221;rgba(0,0,0,0.4)&#8221; bg_image_hov_effect=&#8221;zoom-in&#8221; bg_stretch=&#8221;true&#8221;][mk_padding_divider size=&#8221;70&#8243;][mk_fancy_title color=&#8221;#ffffff&#8221; size=&#8221;24&#8243; force_font_size=&#8221;true&#8221; size_phone=&#8221;20&#8243; txt_transform=&#8221;uppercase&#8221; letter_spacing=&#8221;2&#8243; margin_bottom=&#8221;0&#8243; font_family=&#8221;none&#8221; align=&#8221;center&#8221;]Kitchen renovations[\/mk_fancy_title][mk_padding_divider size=&#8221;160&#8243;][mk_button dimension=&#8221;outline&#8221; url=&#8221;\/en\/kitchen-renovation\/&#8221; align=&#8221;center&#8221; margin_right=&#8221;0&#8243; outline_skin=&#8221;custom&#8221; outline_active_color=&#8221;#ffffff&#8221; outline_active_text_color=&#8221;#ffffff&#8221; outline_hover_color=&#8221;#000000&#8243;]Learn more[\/mk_button][\/mk_custom_box][\/vc_column][vc_column width=&#8221;1\/4&#8243;][mk_custom_box margin_bottom=&#8221;0&#8243; min_height=&#8221;480&#8243; bg_image=&#8221;http:\/\/symeprestige.ca\/wp-content\/uploads\/2018\/04\/finitionsoussol-cinemamaison-opt.jpg&#8221; background_hov_color_style=&#8221;image&#8221; overlay_color=&#8221;rgba(0,0,0,0.4)&#8221; bg_image_hov_effect=&#8221;zoom-in&#8221; bg_stretch=&#8221;true&#8221;][mk_padding_divider size=&#8221;70&#8243;][mk_fancy_title color=&#8221;#ffffff&#8221; size=&#8221;24&#8243; force_font_size=&#8221;true&#8221; size_phone=&#8221;20&#8243; txt_transform=&#8221;uppercase&#8221; letter_spacing=&#8221;2&#8243; margin_bottom=&#8221;0&#8243; font_family=&#8221;none&#8221; align=&#8221;center&#8221;]Basement completion and finishing[\/mk_fancy_title][mk_padding_divider size=&#8221;160&#8243;][mk_button dimension=&#8221;outline&#8221; url=&#8221;\/en\/general-renovations\/&#8221; align=&#8221;center&#8221; margin_right=&#8221;0&#8243; outline_skin=&#8221;custom&#8221; outline_active_color=&#8221;#ffffff&#8221; outline_active_text_color=&#8221;#ffffff&#8221; outline_hover_color=&#8221;#000000&#8243;]Learn more[\/mk_button][\/mk_custom_box][\/vc_column][vc_column width=&#8221;1\/4&#8243;][mk_custom_box margin_bottom=&#8221;0&#8243; min_height=&#8221;480&#8243; bg_image=&#8221;http:\/\/symeprestige.ca\/wp-content\/uploads\/2018\/04\/construction-patio-bois-traite-opt.jpg&#8221; background_hov_color_style=&#8221;image&#8221; overlay_color=&#8221;rgba(0,0,0,0.4)&#8221; bg_image_hov_effect=&#8221;zoom-in&#8221; bg_stretch=&#8221;true&#8221;][mk_padding_divider size=&#8221;70&#8243;][mk_fancy_title color=&#8221;#ffffff&#8221; size=&#8221;24&#8243; force_font_size=&#8221;true&#8221; size_phone=&#8221;20&#8243; txt_transform=&#8221;uppercase&#8221; letter_spacing=&#8221;2&#8243; margin_bottom=&#8221;0&#8243; font_family=&#8221;none&#8221; align=&#8221;center&#8221;]Exterior renovations [\/mk_fancy_title][mk_padding_divider size=&#8221;160&#8243;][mk_button dimension=&#8221;outline&#8221; url=&#8221;\/en\/general-renovations\/#exterior&#8221; align=&#8221;center&#8221; margin_right=&#8221;0&#8243; outline_skin=&#8221;custom&#8221; outline_active_color=&#8221;#ffffff&#8221; outline_active_text_color=&#8221;#ffffff&#8221; outline_hover_color=&#8221;#000000&#8243;]Learn more[\/mk_button][\/mk_custom_box][\/vc_column][\/vc_row][mk_page_section bg_image=&#8221;http:\/\/symeprestige.ca\/wp-content\/uploads\/2018\/04\/douche-en-ceramique-opt.jpg&#8221; bg_position=&#8221;center top&#8221; bg_repeat=&#8221;no-repeat&#8221; bg_stretch=&#8221;true&#8221; enable_3d=&#8221;true&#8221; video_color_mask=&#8221;#000000&#8243; min_height=&#8221;850&#8243; js_vertical_centered=&#8221;true&#8221; padding_top=&#8221;70&#8243; padding_bottom=&#8221;70&#8243; sidebar=&#8221;sidebar-1&#8243;][vc_column][vc_single_image image=&#8221;5559&#8243; img_size=&#8221;full&#8221; alignment=&#8221;center&#8221; css=&#8221;.vc_custom_1525367790705{margin-top: 20px !important;margin-right: 0px !important;margin-bottom: 0px !important;margin-left: 0px !important;border-top-width: 0px !important;border-right-width: 0px !important;border-bottom-width: 0px !important;border-left-width: 0px !important;padding-top: 0px !important;padding-right: 0px !important;padding-bottom: 0px !important;padding-left: 0px !important;}&#8221;][mk_fancy_title color=&#8221;#ffffff&#8221; size=&#8221;24&#8243; force_font_size=&#8221;true&#8221; size_smallscreen=&#8221;22&#8243; size_tablet=&#8221;20&#8243; size_phone=&#8221;18&#8243; txt_transform=&#8221;uppercase&#8221; letter_spacing=&#8221;5&#8243; font_family=&#8221;none&#8221; align=&#8221;center&#8221; animation=&#8221;top-to-bottom&#8221;]Since 2004[\/mk_fancy_title][mk_fancy_title color=&#8221;#d59031&#8243; size=&#8221;58&#8243; force_font_size=&#8221;true&#8221; size_smallscreen=&#8221;48&#8243; size_tablet=&#8221;38&#8243; size_phone=&#8221;30&#8243; font_weight=&#8221;bold&#8221; txt_transform=&#8221;uppercase&#8221; margin_bottom=&#8221;0&#8243; font_family=&#8221;none&#8221; align=&#8221;center&#8221;]EXPERTS IN HOME RENOVATIONS[\/mk_fancy_title][vc_column_text disable_pattern=&#8221;false&#8221; align=&#8221;center&#8221; margin_bottom=&#8221;40&#8243; css=&#8221;.vc_custom_1525973725408{margin-bottom: 40px !important;}&#8221;]<span style=\"color: #ffffff;\">Through Construction Syme Prestige, Sylvain Paradis offers the finest quality renovations, backed by over 20 years experience, as a meticulous, detail-oriented carpenter. <\/span><\/p>\n<p><span style=\"color: #ffffff;\">In business since 2004, Sylvain hires skilled professionals, plus a team of exceptionally talented partners when it comes to bringing your projects to life. Peace of mind is key, and everything is put in place to make sure you\u2019re comfortable with the process and to have confidence in the outcome. Specialized in home renovations, the experts at Construction Syme Prestige offer turnkey kitchen, bathroom and basement renovations. Whether they build stairs or balconies, install tiling, windows, doors or exterior siding, take on painting, plastering, plumbing, electricity, insulation, asbestos removal or demolishing, everything is executed to perfection, and it\u2019s always a job well done!<\/span><\/p>\n<p><span style=\"color: #ffffff;\">Renovating can be daunting from an economic perspective and it\u2019s important to make it accessible to you. Construction Syme Prestige offers Accord D financing, payment plans, and even interest-free financing if you meet certain conditions. Licensed with the R\u00e9gie du b\u00e2timent du Qu\u00e9bec (RBQ license : 5636-7832-01), you can trust your renovation project, and investment, will be more than satisfying with Construction Syme Prestige. Commercial or residential, every project is delivered with impeccable quality, beyond your expectations. <\/span>[\/vc_column_text][\/vc_column][\/mk_page_section][vc_row fullwidth=&#8221;true&#8221; fullwidth_content=&#8221;false&#8221; css=&#8221;.vc_custom_1524594083937{background-color: #000000 !important;}&#8221;][vc_column width=&#8221;1\/4&#8243;][mk_padding_divider size=&#8221;80&#8243;][mk_padding_divider size=&#8221;70&#8243; visibility=&#8221;hidden-sm&#8221;][mk_milestone icon=&#8221;mk-li-calendar&#8221; icon_size=&#8221;medium&#8221; align=&#8221;center&#8221; stop=&#8221;2004&#8243; text=&#8221;is the year we were founded&#8221; text_color=&#8221;#d59031&#8243; font_family=&#8221;none&#8221; desc_size=&#8221;16&#8243;][mk_padding_divider size=&#8221;20&#8243;][mk_padding_divider size=&#8221;80&#8243; visibility=&#8221;hidden-sm&#8221;][\/vc_column][vc_column width=&#8221;1\/4&#8243;][mk_padding_divider size=&#8221;80&#8243;][mk_padding_divider size=&#8221;70&#8243; visibility=&#8221;hidden-sm&#8221;][mk_milestone icon=&#8221;mk-moon-hammer&#8221; icon_size=&#8221;medium&#8221; align=&#8221;center&#8221; stop=&#8221;284&#8243; text=&#8221;completed projects in 2017&#8243; text_color=&#8221;#d59031&#8243; font_family=&#8221;none&#8221; desc_size=&#8221;16&#8243;][mk_padding_divider size=&#8221;20&#8243;][mk_padding_divider size=&#8221;80&#8243; visibility=&#8221;hidden-sm&#8221;][\/vc_column][vc_column width=&#8221;1\/4&#8243;][mk_padding_divider size=&#8221;80&#8243;][mk_padding_divider size=&#8221;70&#8243; visibility=&#8221;hidden-sm&#8221;][mk_milestone icon=&#8221;mk-icon-bookmark-o&#8221; icon_size=&#8221;medium&#8221; align=&#8221;center&#8221; stop=&#8221;20&#8243; text=&#8221;years experience&#8221; text_color=&#8221;#d59031&#8243; font_family=&#8221;none&#8221; desc_size=&#8221;16&#8243;][mk_padding_divider size=&#8221;20&#8243;][mk_padding_divider size=&#8221;80&#8243; visibility=&#8221;hidden-sm&#8221;][\/vc_column][vc_column width=&#8221;1\/4&#8243;][mk_padding_divider size=&#8221;80&#8243;][mk_padding_divider size=&#8221;70&#8243; visibility=&#8221;hidden-sm&#8221;][mk_milestone icon=&#8221;mk-moon-thumbs-up&#8221; icon_size=&#8221;medium&#8221; align=&#8221;center&#8221; stop=&#8221;21&#8243; text=&#8221;R\u00e9no-D\u00e9p\u00f4t and Rona outlets recommend us&#8221; text_color=&#8221;#d59031&#8243; font_family=&#8221;none&#8221; desc_size=&#8221;16&#8243;][mk_padding_divider][mk_padding_divider size=&#8221;60&#8243; visibility=&#8221;hidden-sm&#8221;][\/vc_column][\/vc_row][mk_page_section bg_image=&#8221;http:\/\/symeprestige.ca\/wp-content\/uploads\/2018\/04\/finitionsoussol-cinemamaison-opt.jpg&#8221; attachment=&#8221;fixed&#8221; bg_position=&#8221;center top&#8221; bg_repeat=&#8221;no-repeat&#8221; bg_stretch=&#8221;true&#8221; video_color_mask=&#8221;#000000&#8243; min_height=&#8221;650&#8243; js_vertical_centered=&#8221;true&#8221; padding_top=&#8221;30&#8243; padding_bottom=&#8221;30&#8243; sidebar=&#8221;sidebar-1&#8243;][vc_column][mk_fancy_title color=&#8221;#ffffff&#8221; size=&#8221;24&#8243; force_font_size=&#8221;true&#8221; size_smallscreen=&#8221;22&#8243; size_tablet=&#8221;20&#8243; size_phone=&#8221;18&#8243; txt_transform=&#8221;uppercase&#8221; letter_spacing=&#8221;5&#8243; margin_top=&#8221;20&#8243; font_family=&#8221;none&#8221; align=&#8221;center&#8221; animation=&#8221;top-to-bottom&#8221;]Our R\u00e9no-D\u00e9p\u00f4t and Rona Partnership[\/mk_fancy_title][mk_fancy_title color=&#8221;#d59031&#8243; size=&#8221;58&#8243; force_font_size=&#8221;true&#8221; size_smallscreen=&#8221;48&#8243; size_tablet=&#8221;38&#8243; size_phone=&#8221;30&#8243; font_weight=&#8221;bold&#8221; txt_transform=&#8221;uppercase&#8221; margin_bottom=&#8221;0&#8243; font_family=&#8221;none&#8221; align=&#8221;center&#8221;]OUR EXPERTISE, BACKED BY THOSE WHO KNOW[\/mk_fancy_title][vc_column_text disable_pattern=&#8221;false&#8221; align=&#8221;center&#8221; margin_bottom=&#8221;40&#8243; css=&#8221;.vc_custom_1525973927669{margin-bottom: 40px !important;}&#8221;]<span style=\"color: #ffffff;\">Thanks to our pristine reputation, built through numerous successfully completed renovation projects, Construction Syme Prestige is an important, respected player in the Quebec renovation industry. In 2011, we signed a partnership with R\u00e9no-D\u00e9p\u00f4t and Rona, to become an official fitter and installer for their customers. <\/span><\/p>\n<p><span style=\"color: #ffffff;\"><strong style=\"text-transform: uppercase; color: #fff;\">R\u00e9no-D\u00e9p\u00f4t installer<\/strong><\/span><\/p>\n<p><span style=\"color: #ffffff;\">There are currently 13 R\u00e9no-D\u00e9p\u00f4t outlets that recommend our services as installers and certified contractors. Our contact information is available in stores, and you can benefit from Accord D financing or flexible payment plans, with interest-free financing, by meeting certain requirements. <\/span><\/p>\n<p><span style=\"color: #ffffff;\"><strong style=\"text-transform: uppercase; color: #fff;\">Rona installer or fitter<\/strong><\/span><\/p>\n<p><span style=\"color: #ffffff;\">A total of 8 Rona stores offer our installation services. Rona coordinates projects and ensures absolute peace of mind, regardless of the scope or depth of what needs to be done. Financing is also available for projects that may initially seem out of budget. <\/span>[\/vc_column_text][\/vc_column][\/mk_page_section][mk_page_section bg_color=&#8221;#d59031&#8243; min_height=&#8221;425&#8243; js_vertical_centered=&#8221;true&#8221; padding_top=&#8221;70&#8243; padding_bottom=&#8221;70&#8243; sidebar=&#8221;sidebar-1&#8243;][vc_column][mk_fancy_title color=&#8221;#ffffff&#8221; size=&#8221;36&#8243; force_font_size=&#8221;true&#8221; size_smallscreen=&#8221;32&#8243; size_tablet=&#8221;28&#8243; size_phone=&#8221;24&#8243; txt_transform=&#8221;uppercase&#8221; letter_spacing=&#8221;5&#8243; margin_top=&#8221;20&#8243; font_family=&#8221;Montserrat&#8221; font_type=&#8221;google&#8221; align=&#8221;center&#8221; animation=&#8221;top-to-bottom&#8221;]CLIENT REVIEWS[\/mk_fancy_title][mk_fancy_title color=&#8221;#ffffff&#8221; size=&#8221;26&#8243; force_font_size=&#8221;true&#8221; size_phone=&#8221;22&#8243; txt_transform=&#8221;none&#8221; font_family=&#8221;Damion&#8221; font_type=&#8221;google&#8221; align=&#8221;center&#8221;]We\u2019ve had loads of satisfied clients since 2004[\/mk_fancy_title][mk_testimonials skin=&#8221;light&#8221; text_color=&#8221;#ffffff&#8221; author_color=&#8221;#ffffff&#8221; skill_color=&#8221;#ffffff&#8221;][\/vc_column][\/mk_page_section]\n<\/div>","protected":false},"excerpt":{"rendered":"<p>[mk_page_section bg_image=&#8221;http:\/\/symeprestige.ca\/wp-content\/uploads\/2018\/04\/cuisine-ilot-comptoir-marbre-opt.jpg&#8221; bg_position=&#8221;center center&#8221; bg_repeat=&#8221;no-repeat&#8221; bg_stretch=&#8221;true&#8221; enable_3d=&#8221;true&#8221; video_color_mask=&#8221;#000000&#8243; video_opacity=&#8221;0.5&#8243; full_height=&#8221;true&#8221; top_shape_color=&#8221;#ffffff&#8221; bottom_shape_color=&#8221;#ffffff&#8221; first_page=&#8221;false&#8221; last_page=&#8221;false&#8221; sidebar=&#8221;sidebar-1&#8243;][vc_column][mk_fancy_title color=&#8221;#ffffff&#8221; size=&#8221;40&#8243; force_font_size=&#8221;true&#8221; size_smallscreen=&#8221;38&#8243; size_tablet=&#8221;30&#8243; size_phone=&#8221;24&#8243; txt_transform=&#8221;none&#8221; margin_bottom=&#8221;0&#8243; font_family=&#8221;Damion&#8221; font_type=&#8221;google&#8221; align=&#8221;center&#8221;]A contractor you can trust for all types of[\/mk_fancy_title][mk_fancy_title color=&#8221;#d59031&#8243; size=&#8221;103&#8243; force_font_size=&#8221;true&#8221; size_smallscreen=&#8221;80&#8243; size_tablet=&#8221;50&#8243; size_phone=&#8221;30&#8243; font_weight=&#8221;bold&#8221; txt_transform=&#8221;uppercase&#8221; margin_bottom=&#8221;0&#8243; font_family=&#8221;Montserrat&#8221; font_type=&#8221;google&#8221; align=&#8221;center&#8221; animation=&#8221;flip-x&#8221;]RENOVATIONS[\/mk_fancy_title][mk_fancy_title color=&#8221;#ffffff&#8221; txt_transform=&#8221;uppercase&#8221; letter_spacing=&#8221;3&#8243; font_family=&#8221;none&#8221; align=&#8221;center&#8221;]Bathrooms \/ Kitchens \/ [&hellip;]<\/p>\n","protected":false},"author":22,"featured_media":0,"parent":0,"menu_order":0,"comment_status":"closed","ping_status":"closed","template":"","meta":{"aar_service_area_served":"","aar_service_pricing_note":"","aar_service_benefits":[],"aar_service_type":"","aar_service_faq":[],"aar_page_faq":[],"aar_product_sku":"","aar_product_brand":"","aar_product_price":"","aar_product_currency":"","aar_product_availability":"","aar_product_gtin":"","aar_product_url_canonical":"","aar_product_gallery_ids":[],"aar_product_faq":[],"footnotes":""},"class_list":["post-5569","page","type-page","status-publish","hentry"],"yoast_head":"<!-- This site is optimized with the Yoast SEO plugin v27.4 - https:\/\/yoast.com\/product\/yoast-seo-wordpress\/ -->\n<title>General Renovations | Construction Syme Prestige inc.<\/title>\n<meta name=\"description\" content=\"The experts at Construction Syme Prestige offer premium, turnkey service for all home renovation projects. Call us at 514-235-9878\" \/>\n<meta name=\"robots\" content=\"index, follow, max-snippet:-1, max-image-preview:large, max-video-preview:-1\" \/>\n<link rel=\"canonical\" href=\"https:\/\/symeprestige.ca\/en\/\" \/>\n<meta property=\"og:locale\" content=\"en_US\" \/>\n<meta property=\"og:type\" content=\"article\" \/>\n<meta property=\"og:title\" content=\"General Renovations | Construction Syme Prestige inc.\" \/>\n<meta property=\"og:description\" content=\"The experts at Construction Syme Prestige offer premium, turnkey service for all home renovation projects. Call us at 514-235-9878\" \/>\n<meta property=\"og:url\" content=\"https:\/\/symeprestige.ca\/en\/\" \/>\n<meta property=\"og:site_name\" content=\"Construction SYME Prestige\" \/>\n<meta property=\"article:modified_time\" content=\"2018-05-16T16:15:34+00:00\" \/>\n<meta name=\"twitter:card\" content=\"summary_large_image\" \/>\n<meta name=\"twitter:label1\" content=\"Est. reading time\" \/>\n\t<meta name=\"twitter:data1\" content=\"8 minutes\" \/>\n<script type=\"application\/ld+json\" class=\"yoast-schema-graph\">{\"@context\":\"https:\\\/\\\/schema.org\",\"@graph\":[{\"@type\":\"WebPage\",\"@id\":\"https:\\\/\\\/symeprestige.ca\\\/en\\\/\",\"url\":\"https:\\\/\\\/symeprestige.ca\\\/en\\\/\",\"name\":\"General Renovations | Construction Syme Prestige inc.\",\"isPartOf\":{\"@id\":\"https:\\\/\\\/symeprestige.ca\\\/#website\"},\"datePublished\":\"2018-05-03T17:34:40+00:00\",\"dateModified\":\"2018-05-16T16:15:34+00:00\",\"description\":\"The experts at Construction Syme Prestige offer premium, turnkey service for all home renovation projects. Call us at 514-235-9878\",\"breadcrumb\":{\"@id\":\"https:\\\/\\\/symeprestige.ca\\\/en\\\/#breadcrumb\"},\"inLanguage\":\"en-US\",\"potentialAction\":[{\"@type\":\"ReadAction\",\"target\":[\"https:\\\/\\\/symeprestige.ca\\\/en\\\/\"]}]},{\"@type\":\"BreadcrumbList\",\"@id\":\"https:\\\/\\\/symeprestige.ca\\\/en\\\/#breadcrumb\",\"itemListElement\":[{\"@type\":\"ListItem\",\"position\":1,\"name\":\"Accueil\",\"item\":\"https:\\\/\\\/symeprestige.ca\\\/en\\\/\"},{\"@type\":\"ListItem\",\"position\":2,\"name\":\"Home\"}]},{\"@type\":\"WebSite\",\"@id\":\"https:\\\/\\\/symeprestige.ca\\\/#website\",\"url\":\"https:\\\/\\\/symeprestige.ca\\\/\",\"name\":\"Construction SYME Prestige\",\"description\":\"\",\"potentialAction\":[{\"@type\":\"SearchAction\",\"target\":{\"@type\":\"EntryPoint\",\"urlTemplate\":\"https:\\\/\\\/symeprestige.ca\\\/?s={search_term_string}\"},\"query-input\":{\"@type\":\"PropertyValueSpecification\",\"valueRequired\":true,\"valueName\":\"search_term_string\"}}],\"inLanguage\":\"en-US\"}]}<\/script>\n<!-- \/ Yoast SEO plugin. -->","yoast_head_json":{"title":"General Renovations | Construction Syme Prestige inc.","description":"The experts at Construction Syme Prestige offer premium, turnkey service for all home renovation projects. Call us at 514-235-9878","robots":{"index":"index","follow":"follow","max-snippet":"max-snippet:-1","max-image-preview":"max-image-preview:large","max-video-preview":"max-video-preview:-1"},"canonical":"https:\/\/symeprestige.ca\/en\/","og_locale":"en_US","og_type":"article","og_title":"General Renovations | Construction Syme Prestige inc.","og_description":"The experts at Construction Syme Prestige offer premium, turnkey service for all home renovation projects. Call us at 514-235-9878","og_url":"https:\/\/symeprestige.ca\/en\/","og_site_name":"Construction SYME Prestige","article_modified_time":"2018-05-16T16:15:34+00:00","twitter_card":"summary_large_image","twitter_misc":{"Est. reading time":"8 minutes"},"schema":{"@context":"https:\/\/schema.org","@graph":[{"@type":"WebPage","@id":"https:\/\/symeprestige.ca\/en\/","url":"https:\/\/symeprestige.ca\/en\/","name":"General Renovations | Construction Syme Prestige inc.","isPartOf":{"@id":"https:\/\/symeprestige.ca\/#website"},"datePublished":"2018-05-03T17:34:40+00:00","dateModified":"2018-05-16T16:15:34+00:00","description":"The experts at Construction Syme Prestige offer premium, turnkey service for all home renovation projects. Call us at 514-235-9878","breadcrumb":{"@id":"https:\/\/symeprestige.ca\/en\/#breadcrumb"},"inLanguage":"en-US","potentialAction":[{"@type":"ReadAction","target":["https:\/\/symeprestige.ca\/en\/"]}]},{"@type":"BreadcrumbList","@id":"https:\/\/symeprestige.ca\/en\/#breadcrumb","itemListElement":[{"@type":"ListItem","position":1,"name":"Accueil","item":"https:\/\/symeprestige.ca\/en\/"},{"@type":"ListItem","position":2,"name":"Home"}]},{"@type":"WebSite","@id":"https:\/\/symeprestige.ca\/#website","url":"https:\/\/symeprestige.ca\/","name":"Construction SYME Prestige","description":"","potentialAction":[{"@type":"SearchAction","target":{"@type":"EntryPoint","urlTemplate":"https:\/\/symeprestige.ca\/?s={search_term_string}"},"query-input":{"@type":"PropertyValueSpecification","valueRequired":true,"valueName":"search_term_string"}}],"inLanguage":"en-US"}]}},"_links":{"self":[{"href":"https:\/\/symeprestige.ca\/en\/wp-json\/wp\/v2\/pages\/5569","targetHints":{"allow":["GET"]}}],"collection":[{"href":"https:\/\/symeprestige.ca\/en\/wp-json\/wp\/v2\/pages"}],"about":[{"href":"https:\/\/symeprestige.ca\/en\/wp-json\/wp\/v2\/types\/page"}],"author":[{"embeddable":true,"href":"https:\/\/symeprestige.ca\/en\/wp-json\/wp\/v2\/users\/22"}],"replies":[{"embeddable":true,"href":"https:\/\/symeprestige.ca\/en\/wp-json\/wp\/v2\/comments?post=5569"}],"version-history":[{"count":5,"href":"https:\/\/symeprestige.ca\/en\/wp-json\/wp\/v2\/pages\/5569\/revisions"}],"predecessor-version":[{"id":5604,"href":"https:\/\/symeprestige.ca\/en\/wp-json\/wp\/v2\/pages\/5569\/revisions\/5604"}],"wp:attachment":[{"href":"https:\/\/symeprestige.ca\/en\/wp-json\/wp\/v2\/media?parent=5569"}],"curies":[{"name":"wp","href":"https:\/\/api.w.org\/{rel}","templated":true}]}}